{"id":14,"date":"2025-12-01T22:09:42","date_gmt":"2025-12-01T21:09:42","guid":{"rendered":"https:\/\/pouponnerendouceur.fr\/?page_id=14"},"modified":"2025-12-25T13:53:11","modified_gmt":"2025-12-25T12:53:11","slug":"prestations","status":"publish","type":"page","link":"https:\/\/pouponnerendouceur.fr\/?page_id=14","title":{"rendered":"Prestations"},"content":{"rendered":"\n<div class=\"wp-block-cover alignfull is-light\" style=\"margin-top:0;margin-bottom:0;padding-top:0px;padding-bottom:80px;min-height:300px;aspect-ratio:unset;\"><img loading=\"lazy\" decoding=\"async\" width=\"1024\" height=\"683\" class=\"wp-block-cover__image-background wp-image-59 size-large\" alt=\"\" src=\"https:\/\/pouponnerendouceur.fr\/wp-content\/uploads\/2025\/12\/C46A7085-1024x683.jpg\" style=\"object-position:50% 61%\" data-object-fit=\"cover\" data-object-position=\"50% 61%\" srcset=\"https:\/\/pouponnerendouceur.fr\/wp-content\/uploads\/2025\/12\/C46A7085-1024x683.jpg 1024w, https:\/\/pouponnerendouceur.fr\/wp-content\/uploads\/2025\/12\/C46A7085-300x200.jpg 300w, https:\/\/pouponnerendouceur.fr\/wp-content\/uploads\/2025\/12\/C46A7085-768x512.jpg 768w, https:\/\/pouponnerendouceur.fr\/wp-content\/uploads\/2025\/12\/C46A7085-1536x1024.jpg 1536w, https:\/\/pouponnerendouceur.fr\/wp-content\/uploads\/2025\/12\/C46A7085-2048x1365.jpg 2048w\" sizes=\"auto, (max-width: 1024px) 100vw, 1024px\" \/><span aria-hidden=\"true\" class=\"wp-block-cover__background has-background-dim-30 has-background-dim\" style=\"background-color:#fbfbfb\"><\/span><div class=\"wp-block-cover__inner-container has-global-padding is-layout-constrained wp-container-core-cover-is-layout-d4c6b484 wp-block-cover-is-layout-constrained\">\n<div style=\"height:150px\" aria-hidden=\"true\" class=\"wp-block-spacer\"><\/div>\n\n\n\n<h1 class=\"wp-block-heading has-text-align-center has-text-color has-link-color has-suranna-font-family wp-elements-d023799173c6069e65162ba233c40c2c\" style=\"color:#ffffff;font-size:clamp(38.682px, 2.418rem + ((1vw - 3.2px) * 3.786), 72px);font-style:normal;font-weight:500\"><\/h1>\n<\/div><\/div>\n\n\n\n<div class=\"wp-block-group alignfull has-global-padding is-layout-constrained wp-container-core-group-is-layout-4383d167 wp-block-group-is-layout-constrained\">\n<div class=\"wp-block-group alignwide has-global-padding is-layout-constrained wp-container-core-group-is-layout-5ff8a92b wp-block-group-is-layout-constrained\" style=\"margin-top:0;margin-bottom:0;padding-top:100px;padding-bottom:100px\">\n<div class=\"wp-block-columns is-layout-flex wp-container-core-columns-is-layout-92515837 wp-block-columns-is-layout-flex\">\n<div class=\"wp-block-column is-layout-flow wp-block-column-is-layout-flow\">\n<figure class=\"wp-block-image alignleft size-full\"><img loading=\"lazy\" decoding=\"async\" width=\"1707\" height=\"2560\" src=\"https:\/\/pouponnerendouceur.fr\/wp-content\/uploads\/2025\/12\/C46A7741-1-scaled.jpg\" alt=\"\" class=\"wp-image-61\" srcset=\"https:\/\/pouponnerendouceur.fr\/wp-content\/uploads\/2025\/12\/C46A7741-1-scaled.jpg 1707w, https:\/\/pouponnerendouceur.fr\/wp-content\/uploads\/2025\/12\/C46A7741-1-200x300.jpg 200w, https:\/\/pouponnerendouceur.fr\/wp-content\/uploads\/2025\/12\/C46A7741-1-683x1024.jpg 683w, https:\/\/pouponnerendouceur.fr\/wp-content\/uploads\/2025\/12\/C46A7741-1-768x1152.jpg 768w, https:\/\/pouponnerendouceur.fr\/wp-content\/uploads\/2025\/12\/C46A7741-1-1024x1536.jpg 1024w, https:\/\/pouponnerendouceur.fr\/wp-content\/uploads\/2025\/12\/C46A7741-1-1365x2048.jpg 1365w\" sizes=\"auto, (max-width: 1707px) 100vw, 1707px\" \/><\/figure>\n<\/div>\n\n\n\n<div class=\"wp-block-column is-vertically-aligned-center has-global-padding is-content-justification-left is-layout-constrained wp-container-core-column-is-layout-12dd3699 wp-block-column-is-layout-constrained\">\n<h3 class=\"wp-block-heading has-text-align-left has-text-color has-suranna-font-family\" style=\"color:#000000;margin-top:0.5rem;margin-bottom:0rem;font-size:clamp(24.034px, 1.502rem + ((1vw - 3.2px) * 1.814), 40px);font-style:normal;font-weight:500;letter-spacing:0px;line-height:1.3\">Consultation Allaitement IBCLC<\/h3>\n\n\n\n<hr class=\"wp-block-separator has-alpha-channel-opacity\"\/>\n\n\n\n<p class=\"has-text-color has-link-color has-pontano-sans-font-family wp-elements-e8a48d84a0f3394c14e946bb5e427ae0\" style=\"color:#000000;font-size:clamp(14px, 0.875rem + ((1vw - 3.2px) * 0.455), 18px);\">En tant que <strong>consultante en lactation IBCLC<\/strong>, je vous accompagne pour vos <strong>consultations d\u2019allaitement<\/strong> \u00e0 chaque \u00e9tape de votre parcours, <strong>au cabinet, \u00e0 domicile ou en t\u00e9l\u00e9consultation<\/strong>, selon vos besoins et votre situation.<\/p>\n\n\n\n<p>Je propose des <strong>consultations d\u2019allaitement pr\u00e9natales<\/strong> afin de vous pr\u00e9parer sereinement avant la naissance de votre b\u00e9b\u00e9, d\u2019aborder les bases de l\u2019allaitement et de r\u00e9pondre \u00e0 toutes vos questions. Les <strong>consultations d\u2019allaitement initiales<\/strong>, r\u00e9alis\u00e9es apr\u00e8s la naissance, permettent d\u2019observer une t\u00e9t\u00e9e, d\u2019identifier d\u2019\u00e9ventuelles difficult\u00e9s (douleurs, prise de poids, position, succion) et de vous accompagner d\u00e8s les premiers jours. Les <strong>consultations de suivi d\u2019allaitement<\/strong> offrent un soutien personnalis\u00e9 dans la dur\u00e9e, pour ajuster, rassurer et accompagner l\u2019\u00e9volution de votre allaitement.<\/p>\n\n\n\n<p class=\"has-text-color has-link-color has-pontano-sans-font-family wp-elements-aa848b29c37e0b524a2162ef0fd441ba\" style=\"color:#000000;font-size:clamp(14px, 0.875rem + ((1vw - 3.2px) * 0.455), 18px);\">Chaque accompagnement se d\u00e9roule dans un cadre bienveillant, respectueux de votre rythme, de vos choix et de ceux de votre b\u00e9b\u00e9, afin de vous permettre de vivre votre allaitement avec confiance et s\u00e9r\u00e9nit\u00e9.<\/p>\n\n\n\n<div class=\"wp-block-buttons is-horizontal is-content-justification-left is-layout-flex wp-container-core-buttons-is-layout-324fa30b wp-block-buttons-is-layout-flex\" style=\"margin-top:20px\">\n<div class=\"wp-block-button has-custom-width wp-block-button__width-50 is-style-fill\"><a class=\"wp-block-button__link has-text-color has-background has-prata-regular-font-family has-custom-font-size wp-element-button\" href=\"https:\/\/pouponnerendouceur.fr\/?page_id=175\" style=\"border-style:none;border-width:0px;border-radius:0rem;color:#fffffd;background-color:#e27013;padding-top:0.71rem;padding-right:0.31rem;padding-bottom:0.71rem;padding-left:0.31rem;font-size:clamp(0.875rem, 0.875rem + ((1vw - 0.2rem) * 0.245), 1.01rem);font-style:normal;font-weight:700;letter-spacing:1px;line-height:1.5;text-transform:uppercase\">Tarifs<\/a><\/div>\n<\/div>\n<\/div>\n<\/div>\n<\/div>\n<\/div>\n\n\n\n<div class=\"wp-block-group alignfull has-global-padding is-layout-constrained wp-container-core-group-is-layout-4383d167 wp-block-group-is-layout-constrained\">\n<div class=\"wp-block-group alignwide has-global-padding is-layout-constrained wp-container-core-group-is-layout-1be1424c wp-block-group-is-layout-constrained\" style=\"margin-top:0;margin-bottom:0;padding-bottom:100px\">\n<div class=\"wp-block-columns is-layout-flex wp-container-core-columns-is-layout-92515837 wp-block-columns-is-layout-flex\">\n<div class=\"wp-block-column is-vertically-aligned-center has-global-padding is-content-justification-left is-layout-constrained wp-container-core-column-is-layout-12dd3699 wp-block-column-is-layout-constrained\">\n<h3 class=\"wp-block-heading has-text-align-left has-text-color has-suranna-font-family\" style=\"color:#000000;margin-top:0.5rem;margin-bottom:0rem;font-size:clamp(24.034px, 1.502rem + ((1vw - 3.2px) * 1.814), 40px);font-style:normal;font-weight:500;letter-spacing:0px;line-height:1.3\">Thalasso Bain B\u00e9b\u00e9 <\/h3>\n\n\n\n<p class=\"has-text-align-left\">M\u00e9thode Sonia Krief\u00a9<\/p>\n\n\n\n<hr class=\"wp-block-separator has-alpha-channel-opacity\"\/>\n\n\n\n<p class=\"has-text-color has-link-color has-pontano-sans-font-family wp-elements-433500137a463e44288edba70bbab72d\" style=\"color:#000000;font-size:clamp(14px, 0.875rem + ((1vw - 3.2px) * 0.455), 18px);\">Le <strong>thalasso bain b\u00e9b\u00e9<\/strong>, aussi appel\u00e9 Th\u00e9rapeutique bain b\u00e9b\u00e9, est un moment de douceur et de d\u00e9tente profonde propos\u00e9 <strong>exclusivement au cabinet<\/strong>. Cette parenth\u00e8se hors du temps permet \u00e0 votre b\u00e9b\u00e9 de revivre des sensations proches de celles v\u00e9cues in utero, dans un environnement s\u00e9curisant, calme et chaleureux.<\/p>\n\n\n\n<p>Lors de cette s\u00e9ance de <strong>thalasso bain b\u00e9b\u00e9 au cabinet<\/strong>, je vous accompagne avec bienveillance et respect du rythme de votre nouveau-n\u00e9. Chaque geste est r\u00e9alis\u00e9 en douceur, en tenant compte de ses besoins, de ses \u00e9motions et de son histoire. Ce soin favorise l\u2019apaisement, la relaxation et le lien d\u2019attachement entre vous et votre b\u00e9b\u00e9.<\/p>\n\n\n\n<p class=\"has-text-color has-link-color has-pontano-sans-font-family wp-elements-daf3471c6f1dcfb2186e6266fbf78aba\" style=\"color:#000000;font-size:clamp(14px, 0.875rem + ((1vw - 3.2px) * 0.455), 18px);\">Cette prestation s\u2019adresse aux nourrissons dans leurs premi\u00e8res semaines de vie et se d\u00e9roule dans un espace pens\u00e9 pour le bien-\u00eatre des b\u00e9b\u00e9s et de leurs parents. Le <strong>thalasso bain b\u00e9b\u00e9 au cabinet<\/strong> est un v\u00e9ritable moment de connexion, id\u00e9al pour accueillir b\u00e9b\u00e9 en douceur et cr\u00e9er un souvenir pr\u00e9cieux.<\/p>\n\n\n\n<div class=\"wp-block-buttons is-horizontal is-content-justification-left is-layout-flex wp-container-core-buttons-is-layout-324fa30b wp-block-buttons-is-layout-flex\" style=\"margin-top:20px\">\n<div class=\"wp-block-button has-custom-width wp-block-button__width-50 is-style-fill\"><a class=\"wp-block-button__link has-text-color has-background has-prata-regular-font-family has-custom-font-size wp-element-button\" href=\"https:\/\/pouponnerendouceur.fr\/?page_id=175\" style=\"border-style:none;border-width:0px;border-radius:0rem;color:#fffffd;background-color:#e27013;padding-top:0.71rem;padding-right:0.31rem;padding-bottom:0.71rem;padding-left:0.31rem;font-size:clamp(0.875rem, 0.875rem + ((1vw - 0.2rem) * 0.245), 1.01rem);font-style:normal;font-weight:700;letter-spacing:1px;line-height:1.5;text-transform:uppercase\">Tarifs<\/a><\/div>\n<\/div>\n<\/div>\n\n\n\n<div class=\"wp-block-column is-layout-flow wp-block-column-is-layout-flow\">\n<figure class=\"wp-block-image alignright size-full\"><img loading=\"lazy\" decoding=\"async\" width=\"1707\" height=\"2560\" src=\"https:\/\/pouponnerendouceur.fr\/wp-content\/uploads\/2025\/12\/C46A5774-scaled.jpg\" alt=\"\" class=\"wp-image-63\" style=\"aspect-ratio:2\/3;object-fit:cover\" srcset=\"https:\/\/pouponnerendouceur.fr\/wp-content\/uploads\/2025\/12\/C46A5774-scaled.jpg 1707w, https:\/\/pouponnerendouceur.fr\/wp-content\/uploads\/2025\/12\/C46A5774-200x300.jpg 200w, https:\/\/pouponnerendouceur.fr\/wp-content\/uploads\/2025\/12\/C46A5774-683x1024.jpg 683w, https:\/\/pouponnerendouceur.fr\/wp-content\/uploads\/2025\/12\/C46A5774-768x1152.jpg 768w, https:\/\/pouponnerendouceur.fr\/wp-content\/uploads\/2025\/12\/C46A5774-1024x1536.jpg 1024w, https:\/\/pouponnerendouceur.fr\/wp-content\/uploads\/2025\/12\/C46A5774-1365x2048.jpg 1365w\" sizes=\"auto, (max-width: 1707px) 100vw, 1707px\" \/><\/figure>\n<\/div>\n<\/div>\n<\/div>\n<\/div>\n\n\n\n<div class=\"wp-block-group alignfull has-global-padding is-layout-constrained wp-container-core-group-is-layout-4383d167 wp-block-group-is-layout-constrained\">\n<div class=\"wp-block-group alignwide has-global-padding is-layout-constrained wp-container-core-group-is-layout-1be1424c wp-block-group-is-layout-constrained\" style=\"margin-top:0;margin-bottom:0;padding-bottom:100px\">\n<div class=\"wp-block-columns is-layout-flex wp-container-core-columns-is-layout-92515837 wp-block-columns-is-layout-flex\">\n<div class=\"wp-block-column is-layout-flow wp-block-column-is-layout-flow\">\n<figure class=\"wp-block-image alignleft size-full\"><img loading=\"lazy\" decoding=\"async\" width=\"921\" height=\"1257\" src=\"https:\/\/pouponnerendouceur.fr\/wp-content\/uploads\/2025\/12\/WhatsApp-Image-2025-12-25-at-13.49.24.jpeg\" alt=\"\" class=\"wp-image-194\" srcset=\"https:\/\/pouponnerendouceur.fr\/wp-content\/uploads\/2025\/12\/WhatsApp-Image-2025-12-25-at-13.49.24.jpeg 921w, https:\/\/pouponnerendouceur.fr\/wp-content\/uploads\/2025\/12\/WhatsApp-Image-2025-12-25-at-13.49.24-220x300.jpeg 220w, https:\/\/pouponnerendouceur.fr\/wp-content\/uploads\/2025\/12\/WhatsApp-Image-2025-12-25-at-13.49.24-750x1024.jpeg 750w, https:\/\/pouponnerendouceur.fr\/wp-content\/uploads\/2025\/12\/WhatsApp-Image-2025-12-25-at-13.49.24-768x1048.jpeg 768w\" sizes=\"auto, (max-width: 921px) 100vw, 921px\" \/><\/figure>\n<\/div>\n\n\n\n<div class=\"wp-block-column is-vertically-aligned-center has-global-padding is-content-justification-left is-layout-constrained wp-container-core-column-is-layout-12dd3699 wp-block-column-is-layout-constrained\">\n<h3 class=\"wp-block-heading has-text-align-left has-text-color has-suranna-font-family\" style=\"color:#000000;margin-top:0.5rem;margin-bottom:0rem;font-size:clamp(24.034px, 1.502rem + ((1vw - 3.2px) * 1.814), 40px);font-style:normal;font-weight:500;letter-spacing:0px;line-height:1.3\">Massage B\u00e9b\u00e9<\/h3>\n\n\n\n<hr class=\"wp-block-separator has-alpha-channel-opacity\"\/>\n\n\n\n<p class=\"has-text-color has-link-color has-pontano-sans-font-family wp-elements-b69b21670253691405cb5f1e9e8bec4b\" style=\"color:#000000;font-size:clamp(14px, 0.875rem + ((1vw - 3.2px) * 0.455), 18px);\">Le <strong>massage b\u00e9b\u00e9<\/strong> est un moment privil\u00e9gi\u00e9 qui permet aux parents de pratiquer imm\u00e9diatement le massage sur leur enfant, dans un cadre bienveillant et s\u00e9curisant. Par le toucher, il favorise la cr\u00e9ation du <strong>lien d\u2019attachement<\/strong>, renforce la proximit\u00e9 parent-b\u00e9b\u00e9 et soutient le d\u00e9veloppement \u00e9motionnel du tout-petit.<\/p>\n\n\n\n<p>Le massage aide le b\u00e9b\u00e9 \u00e0 <strong>prendre conscience de son corps<\/strong>, \u00e0 rel\u00e2cher les tensions, \u00e0 se d\u00e9tendre et \u00e0 s\u2019apaiser. Il contribue \u00e9galement au bien-\u00eatre global de l\u2019enfant, en favorisant le calme et la relaxation. Cette pratique peut \u00eatre propos\u00e9e jusqu\u2019\u00e0 ce que b\u00e9b\u00e9 commence \u00e0 se d\u00e9placer, soit g\u00e9n\u00e9ralement jusqu\u2019\u00e0 <strong>environ 7 mois<\/strong>.<\/p>\n\n\n\n<p>Afin de respecter le rythme de b\u00e9b\u00e9 et d\u2019\u00e9viter toute surstimulation, le <strong>massage b\u00e9b\u00e9 est propos\u00e9 en cycle de 4 s\u00e9ances<\/strong>. Lors de la <strong>premi\u00e8re s\u00e9ance<\/strong>, nous r\u00e9alisons ensemble une <strong>huile de massage adapt\u00e9e \u00e0 votre b\u00e9b\u00e9<\/strong> (ingr\u00e9dients et flacon fournis), puis nous abordons le massage des jambes et des pieds. La <strong>deuxi\u00e8me s\u00e9ance<\/strong> est d\u00e9di\u00e9e au massage du ventre, la <strong>troisi\u00e8me<\/strong> \u00e0 la poitrine et aux bras, et la <strong>quatri\u00e8me s\u00e9ance<\/strong> se concentre sur le massage du visage.<\/p>\n\n\n\n<p class=\"has-text-color has-link-color has-pontano-sans-font-family wp-elements-3249542f05831e2bb3e36e01f749e35e\" style=\"color:#000000;font-size:clamp(14px, 0.875rem + ((1vw - 3.2px) * 0.455), 18px);\">Chaque atelier de <strong>massage b\u00e9b\u00e9<\/strong> est pens\u00e9 comme un temps d\u2019\u00e9change, de douceur et d\u2019\u00e9coute, dans le respect des besoins et des r\u00e9actions de votre enfant.<\/p>\n\n\n\n<div class=\"wp-block-buttons is-horizontal is-content-justification-left is-layout-flex wp-container-core-buttons-is-layout-324fa30b wp-block-buttons-is-layout-flex\" style=\"margin-top:20px\">\n<div class=\"wp-block-button has-custom-width wp-block-button__width-50 is-style-fill\"><a class=\"wp-block-button__link has-text-color has-background has-prata-regular-font-family has-custom-font-size wp-element-button\" href=\"https:\/\/pouponnerendouceur.fr\/?page_id=175\" style=\"border-style:none;border-width:0px;border-radius:0rem;color:#fffffd;background-color:#e27013;padding-top:0.71rem;padding-right:0.31rem;padding-bottom:0.71rem;padding-left:0.31rem;font-size:clamp(0.875rem, 0.875rem + ((1vw - 0.2rem) * 0.245), 1.01rem);font-style:normal;font-weight:700;letter-spacing:1px;line-height:1.5;text-transform:uppercase\">TARIFS<\/a><\/div>\n<\/div>\n<\/div>\n<\/div>\n<\/div>\n<\/div>\n\n\n\n<div class=\"wp-block-group alignfull has-global-padding is-layout-constrained wp-container-core-group-is-layout-4383d167 wp-block-group-is-layout-constrained\">\n<div class=\"wp-block-group alignwide has-global-padding is-layout-constrained wp-container-core-group-is-layout-1be1424c wp-block-group-is-layout-constrained\" style=\"margin-top:0;margin-bottom:0;padding-bottom:100px\">\n<div class=\"wp-block-columns is-layout-flex wp-container-core-columns-is-layout-92515837 wp-block-columns-is-layout-flex\">\n<div class=\"wp-block-column is-vertically-aligned-center has-global-padding is-content-justification-left is-layout-constrained wp-container-core-column-is-layout-12dd3699 wp-block-column-is-layout-constrained\">\n<h3 class=\"wp-block-heading has-text-align-left has-text-color has-suranna-font-family\" style=\"color:#000000;margin-top:0.5rem;margin-bottom:0rem;font-size:clamp(24.034px, 1.502rem + ((1vw - 3.2px) * 1.814), 40px);font-style:normal;font-weight:500;letter-spacing:0px;line-height:1.3\">Portage B\u00e9b\u00e9<\/h3>\n\n\n\n<hr class=\"wp-block-separator has-alpha-channel-opacity\"\/>\n\n\n\n<p class=\"has-text-color has-link-color has-pontano-sans-font-family wp-elements-cd14c7972f5a595e03d37b0ab3efeb68\" style=\"color:#000000;font-size:clamp(14px, 0.875rem + ((1vw - 3.2px) * 0.455), 18px);\">Le <strong>portage physiologique<\/strong> r\u00e9pond aux besoins essentiels de contact physique de b\u00e9b\u00e9 en lui apportant chaleur, r\u00e9confort et s\u00e9curit\u00e9 affective. Il favorise le lien d\u2019attachement tout en permettant au porteur de garder les mains libres, offrant ainsi une solution pratique, s\u00e9curis\u00e9e et adapt\u00e9e au quotidien.<\/p>\n\n\n\n<p>Le portage est un v\u00e9ritable <strong>moment de partage et de complicit\u00e9<\/strong> entre l\u2019enfant et son porteur, propice au bien-\u00eatre de chacun. Il peut s\u2019int\u00e9grer facilement dans de nombreuses situations : pour le plaisir, lors d\u2019une balade, pendant les t\u00e2ches m\u00e9nag\u00e8res, en lisant un livre ou simplement pour apaiser b\u00e9b\u00e9.<\/p>\n\n\n\n<p>Il existe diff\u00e9rents <strong>types et mati\u00e8res de moyens de portage<\/strong> (\u00e9charpes, slings, porte-b\u00e9b\u00e9s physiologiques). Lors de l\u2019atelier, nous prenons le temps de choisir ensemble le portage le plus adapt\u00e9 \u00e0 vos besoins, \u00e0 votre morphologie et \u00e0 votre confort, tout en respectant la physiologie de votre b\u00e9b\u00e9.<\/p>\n\n\n\n<p class=\"has-text-color has-link-color has-pontano-sans-font-family wp-elements-88f8d176cb6e43cfa9ba7a5afea6b59b\" style=\"color:#000000;font-size:clamp(14px, 0.875rem + ((1vw - 3.2px) * 0.455), 18px);\">Mes <strong>ateliers de portage physiologique<\/strong> sont enti\u00e8rement personnalis\u00e9s et ajust\u00e9s \u00e0 vos attentes et \u00e0 vos envies. Ils peuvent \u00eatre r\u00e9alis\u00e9s <strong>pendant la grossesse<\/strong>, afin de vous pr\u00e9parer sereinement, ou <strong>apr\u00e8s la naissance<\/strong>, avec votre b\u00e9b\u00e9, dans un cadre bienveillant et respectueux de votre rythme.<\/p>\n\n\n\n<div class=\"wp-block-buttons is-horizontal is-content-justification-left is-layout-flex wp-container-core-buttons-is-layout-324fa30b wp-block-buttons-is-layout-flex\" style=\"margin-top:20px\">\n<div class=\"wp-block-button has-custom-width wp-block-button__width-50 is-style-fill\"><a class=\"wp-block-button__link has-text-color has-background has-prata-regular-font-family has-custom-font-size wp-element-button\" href=\"https:\/\/pouponnerendouceur.fr\/?page_id=175\" style=\"border-style:none;border-width:0px;border-radius:0rem;color:#fffffd;background-color:#e27013;padding-top:0.71rem;padding-right:0.31rem;padding-bottom:0.71rem;padding-left:0.31rem;font-size:clamp(0.875rem, 0.875rem + ((1vw - 0.2rem) * 0.245), 1.01rem);font-style:normal;font-weight:700;letter-spacing:1px;line-height:1.5;text-transform:uppercase\">tARIFS<\/a><\/div>\n<\/div>\n<\/div>\n\n\n\n<div class=\"wp-block-column is-layout-flow wp-block-column-is-layout-flow\">\n<figure class=\"wp-block-image alignright size-full\"><img loading=\"lazy\" decoding=\"async\" width=\"1365\" height=\"2048\" src=\"https:\/\/pouponnerendouceur.fr\/wp-content\/uploads\/2025\/12\/WhatsApp-Image-2025-12-02-at-16.13.08.jpeg\" alt=\"\" class=\"wp-image-43\" style=\"aspect-ratio:2\/3;object-fit:cover\" srcset=\"https:\/\/pouponnerendouceur.fr\/wp-content\/uploads\/2025\/12\/WhatsApp-Image-2025-12-02-at-16.13.08.jpeg 1365w, https:\/\/pouponnerendouceur.fr\/wp-content\/uploads\/2025\/12\/WhatsApp-Image-2025-12-02-at-16.13.08-200x300.jpeg 200w, https:\/\/pouponnerendouceur.fr\/wp-content\/uploads\/2025\/12\/WhatsApp-Image-2025-12-02-at-16.13.08-683x1024.jpeg 683w, https:\/\/pouponnerendouceur.fr\/wp-content\/uploads\/2025\/12\/WhatsApp-Image-2025-12-02-at-16.13.08-768x1152.jpeg 768w, https:\/\/pouponnerendouceur.fr\/wp-content\/uploads\/2025\/12\/WhatsApp-Image-2025-12-02-at-16.13.08-1024x1536.jpeg 1024w\" sizes=\"auto, (max-width: 1365px) 100vw, 1365px\" \/><\/figure>\n<\/div>\n<\/div>\n<\/div>\n<\/div>\n\n\n\n<section class=\"wp-block-cover alignfull is-light\" style=\"margin-top:0px;padding-top:1.01rem;padding-bottom:1.01rem;min-height:430px;aspect-ratio:unset;\"><img loading=\"lazy\" decoding=\"async\" width=\"1024\" height=\"683\" class=\"wp-block-cover__image-background wp-image-65 size-large\" alt=\"\" src=\"https:\/\/pouponnerendouceur.fr\/wp-content\/uploads\/2025\/12\/C46A5955-1024x683.jpg\" style=\"object-position:53% 37%\" data-object-fit=\"cover\" data-object-position=\"53% 37%\" srcset=\"https:\/\/pouponnerendouceur.fr\/wp-content\/uploads\/2025\/12\/C46A5955-1024x683.jpg 1024w, https:\/\/pouponnerendouceur.fr\/wp-content\/uploads\/2025\/12\/C46A5955-300x200.jpg 300w, https:\/\/pouponnerendouceur.fr\/wp-content\/uploads\/2025\/12\/C46A5955-768x512.jpg 768w, https:\/\/pouponnerendouceur.fr\/wp-content\/uploads\/2025\/12\/C46A5955-1536x1024.jpg 1536w, https:\/\/pouponnerendouceur.fr\/wp-content\/uploads\/2025\/12\/C46A5955-2048x1365.jpg 2048w\" sizes=\"auto, (max-width: 1024px) 100vw, 1024px\" \/><span aria-hidden=\"true\" class=\"wp-block-cover__background has-background-dim-20 has-background-dim\" style=\"background-color:#fdffff\"><\/span><div class=\"wp-block-cover__inner-container has-global-padding is-layout-constrained wp-container-core-cover-is-layout-b1bebcb3 wp-block-cover-is-layout-constrained\">\n<div class=\"wp-block-group has-text-color is-layout-flow wp-block-group-is-layout-flow\" style=\"color:#fffffd;margin-top:0px;padding-top:0rem;padding-right:1rem;padding-bottom:0rem;padding-left:1rem;font-size:clamp(0.875rem, 0.875rem + ((1vw - 0.2rem) * 0.464), 1.13rem);font-style:normal;font-weight:400;line-height:1.4\">\n<div class=\"wp-block-group has-global-padding is-layout-constrained wp-container-core-group-is-layout-bdbfdc43 wp-block-group-is-layout-constrained\">\n<p class=\"has-text-align-center has-text-color\" style=\"color:#fffffd;margin-bottom:0rem;font-size:clamp(1.507rem, 1.507rem + ((1vw - 0.2rem) * 1.824), 2.51rem);font-style:normal;font-weight:400;line-height:1.2\">Pouponner en douceurs, \u00e0 vos c\u00f4t\u00e9s d\u00e8s les premiers instants<\/p>\n<\/div>\n\n\n\n<div class=\"wp-block-group is-vertical is-content-justification-stretch is-layout-flex wp-container-core-group-is-layout-bfdebe91 wp-block-group-is-layout-flex\" style=\"margin-top:1.81rem;padding-right:0px;padding-left:0px\">\n<div class=\"wp-block-group has-global-padding is-content-justification-center is-layout-constrained wp-container-core-group-is-layout-2f0bcb29 wp-block-group-is-layout-constrained\" style=\"margin-top:0px\"><\/div>\n<\/div>\n<\/div>\n<\/div><\/section>\n\n\n\n<p><\/p>\n","protected":false},"excerpt":{"rendered":"<p>Consultation Allaitement IBCLC En tant que consultante en lactation IBCLC, je vous accompagne pour vos consultations d\u2019allaitement \u00e0 chaque \u00e9tape de votre parcours, au cabinet, \u00e0 domicile ou en t\u00e9l\u00e9consultation, selon vos besoins et votre situation. Je propose des consultations d\u2019allaitement pr\u00e9natales afin de vous pr\u00e9parer sereinement avant la naissance de votre b\u00e9b\u00e9, d\u2019aborder les [&hellip;]<\/p>\n","protected":false},"author":1,"featured_media":0,"parent":0,"menu_order":0,"comment_status":"closed","ping_status":"closed","template":"","meta":{"footnotes":""},"class_list":["post-14","page","type-page","status-publish","hentry"],"_links":{"self":[{"href":"https:\/\/pouponnerendouceur.fr\/index.php?rest_route=\/wp\/v2\/pages\/14","targetHints":{"allow":["GET"]}}],"collection":[{"href":"https:\/\/pouponnerendouceur.fr\/index.php?rest_route=\/wp\/v2\/pages"}],"about":[{"href":"https:\/\/pouponnerendouceur.fr\/index.php?rest_route=\/wp\/v2\/types\/page"}],"author":[{"embeddable":true,"href":"https:\/\/pouponnerendouceur.fr\/index.php?rest_route=\/wp\/v2\/users\/1"}],"replies":[{"embeddable":true,"href":"https:\/\/pouponnerendouceur.fr\/index.php?rest_route=%2Fwp%2Fv2%2Fcomments&post=14"}],"version-history":[{"count":14,"href":"https:\/\/pouponnerendouceur.fr\/index.php?rest_route=\/wp\/v2\/pages\/14\/revisions"}],"predecessor-version":[{"id":196,"href":"https:\/\/pouponnerendouceur.fr\/index.php?rest_route=\/wp\/v2\/pages\/14\/revisions\/196"}],"wp:attachment":[{"href":"https:\/\/pouponnerendouceur.fr\/index.php?rest_route=%2Fwp%2Fv2%2Fmedia&parent=14"}],"curies":[{"name":"wp","href":"https:\/\/api.w.org\/{rel}","templated":true}]}}